{"id":2939,"date":"2025-11-01T08:18:09","date_gmt":"2025-11-01T07:18:09","guid":{"rendered":"https:\/\/dobprojekti.splet.arnes.si\/?page_id=2939"},"modified":"2025-11-01T08:18:09","modified_gmt":"2025-11-01T07:18:09","slug":"sencenje-na-lanzaroti","status":"publish","type":"page","link":"https:\/\/www.projekti.osdobje.si\/?page_id=2939","title":{"rendered":"Sen\u010denje na Lanzaroti"},"content":{"rendered":"\n<p>Tri strokovne delavke so se od 25. do 29. 10. 2025 udele\u017eile sen\u010denja na \u0161oli CEIP Playa Honda na otoku Lanzarote.<\/p>\n\n\n\n<p>Na \u0161oli strokovni delavci spodbujajo u\u010dence k trajnostnemu ravnanju, recikliranju, ponovni uporabi in skrbi za okolje, s \u010dimer pri otrocih razvijajo zavest o odgovornem ravnanju z viri. Ve\u010dina u\u010dencev se v \u0161olo odpravlja pe\u0161, nekateri pa uporabljajo skiroje ali kolesa, kar prispeva k zdravemu in okolju prijaznemu prihodu v \u0161olo.<\/p>\n\n\n\n<p>Strokovni delavci na \u0161oli na\u010drtno spodbujajo avtonomijo otrok, formativno spremljanje znanja in inkluzivno kulturo. U\u010denci aktivno sooblikujejo \u0161olski utrip s sodelovanjem na \u0161olskem radiu in podcastu ter \u017ee zgodaj izbirajo u\u010dne koti\u010dke glede na lastne interese.<\/p>\n\n\n\n<p>Pouk se pogosto odvija na prostem. \u0160ola sodeluje v projektu za spodbujanje enakopravnosti med spoloma, poseben poudarek pa je s strokovno podporo namenjen tudi inkluziji u\u010dencev s posebnimi potrebami. Mo\u010dno je prisotno tudi sodelovanje s star\u0161i, ki sodelujejo pri dejavnostih in urejanju \u0161olske okolice.<\/p>\n\n\n\n<p>Uporaba IKT je redno implementirana v pouk, pomemben del pouka pa predstavljajo manipulativne matemati\u010dne dejavnosti, programiranje, robotika in uporaba 3D tiskalnika, s \u010dimer se razvijajo logi\u010dno razmi\u0161ljanje, tehni\u010dne ve\u0161\u010dine in ustvarjalnost.<\/p>\n\n\n\n<p>Med mobilnostjo so udele\u017eenke predstavile na\u0161o dr\u017eavo in \u0161olo ter sodelovale pri \u0161olskem radiu. Spoznale so, da nas povezujejo skupne vrednote in te\u017enja po kakovostnem izobra\u017eevanju.<\/p>\n\n\n\n<figure class=\"wp-block-gallery has-nested-images columns-default is-cropped wp-block-gallery-1 is-layout-flex wp-block-gallery-is-layout-flex\">\n<figure class=\"wp-block-image size-large\"><img loading=\"lazy\" decoding=\"async\" width=\"768\" height=\"1024\" data-id=\"2940\" src=\"https:\/\/www.projekti.osdobje.si\/files\/2025\/11\/Image-768x1024.jpg\" alt=\"\" class=\"wp-image-2940\" srcset=\"https:\/\/www.projekti.osdobje.si\/files\/2025\/11\/Image-768x1024.jpg 768w, https:\/\/www.projekti.osdobje.si\/files\/2025\/11\/Image-225x300.jpg 225w, https:\/\/www.projekti.osdobje.si\/files\/2025\/11\/Image-1152x1536.jpg 1152w, https:\/\/www.projekti.osdobje.si\/files\/2025\/11\/Image-1536x2048.jpg 1536w, https:\/\/www.projekti.osdobje.si\/files\/2025\/11\/Image-scaled.jpg 1920w\" sizes=\"auto, (max-width: 768px) 100vw, 768px\" \/><\/figure>\n<\/figure>\n","protected":false},"excerpt":{"rendered":"<p>Tri strokovne delavke so se od 25. do 29. 10. 2025 udele\u017eile sen\u010denja na \u0161oli CEIP Playa Honda na otoku Lanzarote. Na \u0161oli strokovni delavci spodbujajo u\u010dence k trajnostnemu ravnanju, recikliranju, ponovni uporabi in skrbi za okolje, s \u010dimer pri &hellip; <a href=\"https:\/\/www.projekti.osdobje.si\/?page_id=2939\">Beri naprej <span class=\"meta-nav\">&rarr;<\/span><\/a><\/p>\n","protected":false},"author":79491,"featured_media":0,"parent":0,"menu_order":0,"comment_status":"closed","ping_status":"closed","template":"","meta":{"ngg_post_thumbnail":0,"footnotes":"","_expiration-date-status":"","_expiration-date":1761981418,"_expiration-date-type":"draft","_expiration-date-categories":[],"_expiration-date-options":[]},"class_list":["post-2939","page","type-page","status-publish","hentry"],"_links":{"self":[{"href":"https:\/\/www.projekti.osdobje.si\/index.php?rest_route=\/wp\/v2\/pages\/2939","targetHints":{"allow":["GET"]}}],"collection":[{"href":"https:\/\/www.projekti.osdobje.si\/index.php?rest_route=\/wp\/v2\/pages"}],"about":[{"href":"https:\/\/www.projekti.osdobje.si\/index.php?rest_route=\/wp\/v2\/types\/page"}],"author":[{"embeddable":true,"href":"https:\/\/www.projekti.osdobje.si\/index.php?rest_route=\/wp\/v2\/users\/79491"}],"replies":[{"embeddable":true,"href":"https:\/\/www.projekti.osdobje.si\/index.php?rest_route=%2Fwp%2Fv2%2Fcomments&post=2939"}],"version-history":[{"count":1,"href":"https:\/\/www.projekti.osdobje.si\/index.php?rest_route=\/wp\/v2\/pages\/2939\/revisions"}],"predecessor-version":[{"id":2941,"href":"https:\/\/www.projekti.osdobje.si\/index.php?rest_route=\/wp\/v2\/pages\/2939\/revisions\/2941"}],"wp:attachment":[{"href":"https:\/\/www.projekti.osdobje.si\/index.php?rest_route=%2Fwp%2Fv2%2Fmedia&parent=2939"}],"curies":[{"name":"wp","href":"https:\/\/api.w.org\/{rel}","templated":true}]}}