{"id":2757,"date":"2024-05-13T08:44:24","date_gmt":"2024-05-13T06:44:24","guid":{"rendered":"https:\/\/dobprojekti.splet.arnes.si\/?page_id=2757"},"modified":"2024-06-19T09:47:08","modified_gmt":"2024-06-19T07:47:08","slug":"mobilnost-v-litvo","status":"publish","type":"page","link":"https:\/\/www.projekti.osdobje.si\/?page_id=2757","title":{"rendered":"Mobilnost v Litvo"},"content":{"rendered":"\n<p>V tednu od 29. aprila do 3. maja 2024 so se ravnateljica, u\u010diteljica biologije in namestnica ravnateljice za vrtec udele\u017eile sen\u010denja v Litvi, na Osnovni \u0161oli <a href=\"https:\/\/www.masiotomokykla.lt\/\">Vilniaus Prano Ma\u0161ioto pradine mokykla\u00a0<\/a>v Vilni.<\/p>\n\n\n\n<p>V Vilni je okoli \u0161ole in bli\u017enjega vrtca ogromno zelenih povr\u0161in in visokih dreves. Na igri\u0161\u010du oz. na prostem se med drugim nahajajo hi\u0161ica za knjige (zunanja knji\u017enica), &#8220;vrtni iglu&#8221;, pouk pa ve\u010dkrat poteka tudi na bli\u017enji pla\u017ei. Zelene povr\u0161ine in senca ter dalj\u0161i odmori nudijo otrokom veliko mo\u017enosti za gibanje in dobro po\u010dutje ter ustvarjalnost. <\/p>\n\n\n\n<p>Tako med poukom na prostem, kot tudi v u\u010dilnicah v \u0161oli \u0161oli smiselno uporabljajo IKT, medtem ko so telefoni shranjeni v \u00bbhotelih\u00ab za telefone. Po razredih so koti\u010dki za umirjanje in igro, veliko uporabljajo tudi senzorno sobo, dnevno pa so v razredu tudi u\u010ditelji asistenti, ki so v podporo u\u010dencem s primanjkljaji in u\u010ditelju pri pou\u010devanju.<\/p>\n\n\n\n<p>S sloganom &#8220;Skupaj, \u010deprav razli\u010dni&#8221; vabijo vse udele\u017eence v vzgoji in izobra\u017eevanju k strpnosti in medsebojnemu razumevanju.<\/p>\n\n\n\n<figure class=\"wp-block-image size-large\"><img loading=\"lazy\" decoding=\"async\" width=\"768\" height=\"1024\" src=\"https:\/\/www.projekti.osdobje.si\/files\/2024\/05\/MicrosoftTeams-image-6-768x1024.jpg\" alt=\"\" class=\"wp-image-2758\" srcset=\"https:\/\/www.projekti.osdobje.si\/files\/2024\/05\/MicrosoftTeams-image-6-768x1024.jpg 768w, https:\/\/www.projekti.osdobje.si\/files\/2024\/05\/MicrosoftTeams-image-6-225x300.jpg 225w, https:\/\/www.projekti.osdobje.si\/files\/2024\/05\/MicrosoftTeams-image-6-1152x1536.jpg 1152w, https:\/\/www.projekti.osdobje.si\/files\/2024\/05\/MicrosoftTeams-image-6-1536x2048.jpg 1536w, https:\/\/www.projekti.osdobje.si\/files\/2024\/05\/MicrosoftTeams-image-6.jpg 1734w\" sizes=\"auto, (max-width: 768px) 100vw, 768px\" \/><\/figure>\n\n\n\n<p><\/p>\n","protected":false},"excerpt":{"rendered":"<p>V tednu od 29. aprila do 3. maja 2024 so se ravnateljica, u\u010diteljica biologije in namestnica ravnateljice za vrtec udele\u017eile sen\u010denja v Litvi, na Osnovni \u0161oli Vilniaus Prano Ma\u0161ioto pradine mokykla\u00a0v Vilni. V Vilni je okoli \u0161ole in bli\u017enjega vrtca &hellip; <a href=\"https:\/\/www.projekti.osdobje.si\/?page_id=2757\">Beri naprej <span class=\"meta-nav\">&rarr;<\/span><\/a><\/p>\n","protected":false},"author":79491,"featured_media":0,"parent":0,"menu_order":0,"comment_status":"closed","ping_status":"closed","template":"","meta":{"ngg_post_thumbnail":0,"footnotes":"","_expiration-date-status":"","_expiration-date":0,"_expiration-date-type":"","_expiration-date-categories":[],"_expiration-date-options":[]},"class_list":["post-2757","page","type-page","status-publish","hentry"],"_links":{"self":[{"href":"https:\/\/www.projekti.osdobje.si\/index.php?rest_route=\/wp\/v2\/pages\/2757","targetHints":{"allow":["GET"]}}],"collection":[{"href":"https:\/\/www.projekti.osdobje.si\/index.php?rest_route=\/wp\/v2\/pages"}],"about":[{"href":"https:\/\/www.projekti.osdobje.si\/index.php?rest_route=\/wp\/v2\/types\/page"}],"author":[{"embeddable":true,"href":"https:\/\/www.projekti.osdobje.si\/index.php?rest_route=\/wp\/v2\/users\/79491"}],"replies":[{"embeddable":true,"href":"https:\/\/www.projekti.osdobje.si\/index.php?rest_route=%2Fwp%2Fv2%2Fcomments&post=2757"}],"version-history":[{"count":3,"href":"https:\/\/www.projekti.osdobje.si\/index.php?rest_route=\/wp\/v2\/pages\/2757\/revisions"}],"predecessor-version":[{"id":2825,"href":"https:\/\/www.projekti.osdobje.si\/index.php?rest_route=\/wp\/v2\/pages\/2757\/revisions\/2825"}],"wp:attachment":[{"href":"https:\/\/www.projekti.osdobje.si\/index.php?rest_route=%2Fwp%2Fv2%2Fmedia&parent=2757"}],"curies":[{"name":"wp","href":"https:\/\/api.w.org\/{rel}","templated":true}]}}