{"id":2737,"date":"2024-03-13T12:35:12","date_gmt":"2024-03-13T11:35:12","guid":{"rendered":"https:\/\/dobprojekti.splet.arnes.si\/?page_id=2737"},"modified":"2024-06-19T09:48:19","modified_gmt":"2024-06-19T07:48:19","slug":"pripravljalni-obisk-na-ceskem","status":"publish","type":"page","link":"https:\/\/www.projekti.osdobje.si\/?page_id=2737","title":{"rendered":"Pripravljalni obisk na \u010ce\u0161kem"},"content":{"rendered":"\n<p>V obdobju od 11. do 12. 3. 2024 so se trije strokovni delavci na\u0161e \u0161ole udele\u017eili pripravljalnega obiska v Zru\u010du na \u010ce\u0161kem. Na <a href=\"https:\/\/www.zszruc.cz\">osnovni \u0161oli<\/a> v \u017ee omenjenem\u00a0mestu so v sodelovanju s tamkaj\u0161njo ravnateljico in koordinatorico pripravili vse potrebno za sprejem na\u0161ih u\u010dencev in program mobilnosti za naslednji teden. Seznanili so se s primeri dobrih praks o u\u010denju izven zidov \u0161ole, spoznavanju kulturnih in zgodovinskih zna\u010dilnosti,\u00a0skrbi za okolje in dobro po\u010dutje u\u010dencev. Vsi skupaj se veselimo \u0161e ene mednarodne pustolov\u0161\u010dine.<\/p>\n","protected":false},"excerpt":{"rendered":"<p>V obdobju od 11. do 12. 3. 2024 so se trije strokovni delavci na\u0161e \u0161ole udele\u017eili pripravljalnega obiska v Zru\u010du na \u010ce\u0161kem. Na osnovni \u0161oli v \u017ee omenjenem\u00a0mestu so v sodelovanju s tamkaj\u0161njo ravnateljico in koordinatorico pripravili vse potrebno za &hellip; <a href=\"https:\/\/www.projekti.osdobje.si\/?page_id=2737\">Beri naprej <span class=\"meta-nav\">&rarr;<\/span><\/a><\/p>\n","protected":false},"author":79491,"featured_media":0,"parent":0,"menu_order":0,"comment_status":"closed","ping_status":"closed","template":"","meta":{"ngg_post_thumbnail":0,"footnotes":"","_expiration-date-status":"","_expiration-date":0,"_expiration-date-type":"","_expiration-date-categories":[],"_expiration-date-options":[]},"class_list":["post-2737","page","type-page","status-publish","hentry"],"_links":{"self":[{"href":"https:\/\/www.projekti.osdobje.si\/index.php?rest_route=\/wp\/v2\/pages\/2737","targetHints":{"allow":["GET"]}}],"collection":[{"href":"https:\/\/www.projekti.osdobje.si\/index.php?rest_route=\/wp\/v2\/pages"}],"about":[{"href":"https:\/\/www.projekti.osdobje.si\/index.php?rest_route=\/wp\/v2\/types\/page"}],"author":[{"embeddable":true,"href":"https:\/\/www.projekti.osdobje.si\/index.php?rest_route=\/wp\/v2\/users\/79491"}],"replies":[{"embeddable":true,"href":"https:\/\/www.projekti.osdobje.si\/index.php?rest_route=%2Fwp%2Fv2%2Fcomments&post=2737"}],"version-history":[{"count":2,"href":"https:\/\/www.projekti.osdobje.si\/index.php?rest_route=\/wp\/v2\/pages\/2737\/revisions"}],"predecessor-version":[{"id":2778,"href":"https:\/\/www.projekti.osdobje.si\/index.php?rest_route=\/wp\/v2\/pages\/2737\/revisions\/2778"}],"wp:attachment":[{"href":"https:\/\/www.projekti.osdobje.si\/index.php?rest_route=%2Fwp%2Fv2%2Fmedia&parent=2737"}],"curies":[{"name":"wp","href":"https:\/\/api.w.org\/{rel}","templated":true}]}}