{"id":2732,"date":"2024-03-01T10:45:37","date_gmt":"2024-03-01T09:45:37","guid":{"rendered":"https:\/\/dobprojekti.splet.arnes.si\/?page_id=2732"},"modified":"2024-06-19T09:50:12","modified_gmt":"2024-06-19T07:50:12","slug":"sencenje-v-spaniji","status":"publish","type":"page","link":"https:\/\/www.projekti.osdobje.si\/?page_id=2732","title":{"rendered":"Sen\u010denje v \u0160paniji"},"content":{"rendered":"\n<p>Dve strokovni delavki sta se od 26. 2. do 1. 3. 2024 udele\u017eili mobilnosti na osnovni \u0161oli <a href=\"https:\/\/portal.edu.gva.es\/ceipmediterrani\/es\/inici-es\/\">Ceip Mediterrani<\/a> v Valenci v \u0160paniji. Na mobilnosti sta strokovnim delavcem \u0161ole gostiteljice obe u\u010diteljici predstavili tudi, kako poteka delo na na\u0161i \u0161oli.<\/p>\n\n\n\n<p>Strokovni delavci v \u0161olski vsakdan vklju\u010dujejo na\u010dela trajnostnega razvoja z uporabo u\u010dilnice na prostem, vzgojo zelenjave na \u0161olskih visokih gredah, razli\u010dnimi aktivnostmi o varovanju okolja in pe\u0161 prihodom v \u0161olo.<\/p>\n\n\n\n<p>Za dobro po\u010dutje u\u010dencev na \u0161oli v veliki meri poskrbijo z glasbo ob prihodu v \u0161olo, med odmori in poukom \u0161porta. Pred za\u010detkom pouka izkoristijo \u010das za branje knjig, vzpodbudni zapisi vrstnikov na stenah \u0161ole pa jih spremljajo tekom celotnega dne.<\/p>\n\n\n\n<p>Za u\u010dence z manj prilo\u017enostmi poleg pomo\u010di specialne pedagoginje omogo\u010dijo tudi prilagojena interaktivna gradiva na tablici, u\u010dne pripomo\u010dke in ustrezen prostor.<\/p>\n\n\n\n<p>Izjemno gostoljubje in bivanje v mestu, ki zdru\u017euje v sebi tradicijo in sodobnost hkrati, je pustil navdihujo\u010d pe\u010dat na obeh u\u010diteljicah.<\/p>\n\n\n\n<figure class=\"wp-block-image size-large\"><img loading=\"lazy\" decoding=\"async\" width=\"1024\" height=\"768\" src=\"https:\/\/www.projekti.osdobje.si\/files\/2024\/03\/Spanija_1-1024x768.jpg\" alt=\"\" class=\"wp-image-2733\" srcset=\"https:\/\/www.projekti.osdobje.si\/files\/2024\/03\/Spanija_1-1024x768.jpg 1024w, https:\/\/www.projekti.osdobje.si\/files\/2024\/03\/Spanija_1-300x225.jpg 300w, https:\/\/www.projekti.osdobje.si\/files\/2024\/03\/Spanija_1-768x576.jpg 768w, https:\/\/www.projekti.osdobje.si\/files\/2024\/03\/Spanija_1-1536x1152.jpg 1536w, https:\/\/www.projekti.osdobje.si\/files\/2024\/03\/Spanija_1-2048x1536.jpg 2048w, https:\/\/www.projekti.osdobje.si\/files\/2024\/03\/Spanija_1-400x300.jpg 400w\" sizes=\"auto, (max-width: 1024px) 100vw, 1024px\" \/><\/figure>\n","protected":false},"excerpt":{"rendered":"<p>Dve strokovni delavki sta se od 26. 2. do 1. 3. 2024 udele\u017eili mobilnosti na osnovni \u0161oli Ceip Mediterrani v Valenci v \u0160paniji. Na mobilnosti sta strokovnim delavcem \u0161ole gostiteljice obe u\u010diteljici predstavili tudi, kako poteka delo na na\u0161i \u0161oli. &hellip; <a href=\"https:\/\/www.projekti.osdobje.si\/?page_id=2732\">Beri naprej <span class=\"meta-nav\">&rarr;<\/span><\/a><\/p>\n","protected":false},"author":79491,"featured_media":0,"parent":0,"menu_order":0,"comment_status":"closed","ping_status":"closed","template":"","meta":{"ngg_post_thumbnail":0,"footnotes":"","_expiration-date-status":"","_expiration-date":0,"_expiration-date-type":"","_expiration-date-categories":[],"_expiration-date-options":[]},"class_list":["post-2732","page","type-page","status-publish","hentry"],"_links":{"self":[{"href":"https:\/\/www.projekti.osdobje.si\/index.php?rest_route=\/wp\/v2\/pages\/2732","targetHints":{"allow":["GET"]}}],"collection":[{"href":"https:\/\/www.projekti.osdobje.si\/index.php?rest_route=\/wp\/v2\/pages"}],"about":[{"href":"https:\/\/www.projekti.osdobje.si\/index.php?rest_route=\/wp\/v2\/types\/page"}],"author":[{"embeddable":true,"href":"https:\/\/www.projekti.osdobje.si\/index.php?rest_route=\/wp\/v2\/users\/79491"}],"replies":[{"embeddable":true,"href":"https:\/\/www.projekti.osdobje.si\/index.php?rest_route=%2Fwp%2Fv2%2Fcomments&post=2732"}],"version-history":[{"count":3,"href":"https:\/\/www.projekti.osdobje.si\/index.php?rest_route=\/wp\/v2\/pages\/2732\/revisions"}],"predecessor-version":[{"id":2833,"href":"https:\/\/www.projekti.osdobje.si\/index.php?rest_route=\/wp\/v2\/pages\/2732\/revisions\/2833"}],"wp:attachment":[{"href":"https:\/\/www.projekti.osdobje.si\/index.php?rest_route=%2Fwp%2Fv2%2Fmedia&parent=2732"}],"curies":[{"name":"wp","href":"https:\/\/api.w.org\/{rel}","templated":true}]}}