{"id":2723,"date":"2024-02-26T08:52:39","date_gmt":"2024-02-26T07:52:39","guid":{"rendered":"https:\/\/dobprojekti.splet.arnes.si\/?page_id=2723"},"modified":"2024-06-19T09:59:59","modified_gmt":"2024-06-19T07:59:59","slug":"mobilnost-strokovnih-delavk-v-franciji","status":"publish","type":"page","link":"https:\/\/www.projekti.osdobje.si\/?page_id=2723","title":{"rendered":"Mobilnost strokovnih delavk v Franciji"},"content":{"rendered":"\n<p>Tri strokovne delavke s podro\u010dja zgodnjega pou\u010devanja so se v tednu od 12. do 16. 2. 2024 udele\u017eile mobilnosti v Franciji.\u00a0Na mobilnosti so sledile ciljem vezanim na dobro po\u010dutje, okolju prijazen na\u010din prevoza in spodbujanje trajnostnih vrednot, demokrati\u010dnost in aktivno udele\u017ebo v vrtcu <a href=\"https:\/\/www.bordeaux.fr\/o1428\/pas-saint-georges-maternelle-\">Ecole maternelle Pas Saint Georges<\/a> v Bordeauxu.<\/p>\n\n\n\n<p>Posebno pozornost so namenile \u0161e pou\u010devanju izven zidov \u0161ole in uporabi digitalne tehnologije, med opazovanjem pa so prepoznale tudi individualnost, spodbujanje otrokove samozavesti in razvoj osebne identitete otrok.<\/p>\n\n\n\n<p>Na obisku v tujini pa se na\u0161e u\u010diteljice in vzgojiteljice niso samo u\u010dile novih metod pou\u010devanja ampak razvijale tudi mednarodne vezi in delile svoje prakse s kolegi po svetu. Vzgojiteljica, ki se je udele\u017eila pou\u010devanja na delovnem mestu je ugotovila, da gib premosti vse kulturne in jezikovne razlike. Sodelovanje s tujimi \u0161olami poudarja vrednote medsebojnega spo\u0161tovanja, medkulturnega razumevanja in odprtosti do novih idej. Skozi te izku\u0161nje se bogati pedago\u0161ki pristop in pripravlja u\u010dence na globalni svet.<\/p>\n\n\n\n<figure class=\"wp-block-image size-large\"><img loading=\"lazy\" decoding=\"async\" width=\"1024\" height=\"768\" src=\"https:\/\/www.projekti.osdobje.si\/files\/2024\/02\/francija_2-1024x768.jpg\" alt=\"\" class=\"wp-image-2724\" srcset=\"https:\/\/www.projekti.osdobje.si\/files\/2024\/02\/francija_2-1024x768.jpg 1024w, https:\/\/www.projekti.osdobje.si\/files\/2024\/02\/francija_2-300x225.jpg 300w, https:\/\/www.projekti.osdobje.si\/files\/2024\/02\/francija_2-768x576.jpg 768w, https:\/\/www.projekti.osdobje.si\/files\/2024\/02\/francija_2-1536x1152.jpg 1536w, https:\/\/www.projekti.osdobje.si\/files\/2024\/02\/francija_2-400x300.jpg 400w, https:\/\/www.projekti.osdobje.si\/files\/2024\/02\/francija_2.jpg 2048w\" sizes=\"auto, (max-width: 1024px) 100vw, 1024px\" \/><\/figure>\n\n\n\n<figure class=\"wp-block-image size-large\"><img loading=\"lazy\" decoding=\"async\" width=\"1024\" height=\"768\" src=\"https:\/\/www.projekti.osdobje.si\/files\/2024\/02\/francoja_4-1024x768.jpg\" alt=\"\" class=\"wp-image-2725\" srcset=\"https:\/\/www.projekti.osdobje.si\/files\/2024\/02\/francoja_4-1024x768.jpg 1024w, https:\/\/www.projekti.osdobje.si\/files\/2024\/02\/francoja_4-300x225.jpg 300w, https:\/\/www.projekti.osdobje.si\/files\/2024\/02\/francoja_4-768x576.jpg 768w, https:\/\/www.projekti.osdobje.si\/files\/2024\/02\/francoja_4-1536x1152.jpg 1536w, https:\/\/www.projekti.osdobje.si\/files\/2024\/02\/francoja_4-400x300.jpg 400w, https:\/\/www.projekti.osdobje.si\/files\/2024\/02\/francoja_4.jpg 2048w\" sizes=\"auto, (max-width: 1024px) 100vw, 1024px\" \/><\/figure>\n","protected":false},"excerpt":{"rendered":"<p>Tri strokovne delavke s podro\u010dja zgodnjega pou\u010devanja so se v tednu od 12. do 16. 2. 2024 udele\u017eile mobilnosti v Franciji.\u00a0Na mobilnosti so sledile ciljem vezanim na dobro po\u010dutje, okolju prijazen na\u010din prevoza in spodbujanje trajnostnih vrednot, demokrati\u010dnost in aktivno &hellip; <a href=\"https:\/\/www.projekti.osdobje.si\/?page_id=2723\">Beri naprej <span class=\"meta-nav\">&rarr;<\/span><\/a><\/p>\n","protected":false},"author":79491,"featured_media":0,"parent":0,"menu_order":0,"comment_status":"closed","ping_status":"closed","template":"","meta":{"ngg_post_thumbnail":0,"footnotes":"","_expiration-date-status":"","_expiration-date":0,"_expiration-date-type":"","_expiration-date-categories":[],"_expiration-date-options":[]},"class_list":["post-2723","page","type-page","status-publish","hentry"],"_links":{"self":[{"href":"https:\/\/www.projekti.osdobje.si\/index.php?rest_route=\/wp\/v2\/pages\/2723","targetHints":{"allow":["GET"]}}],"collection":[{"href":"https:\/\/www.projekti.osdobje.si\/index.php?rest_route=\/wp\/v2\/pages"}],"about":[{"href":"https:\/\/www.projekti.osdobje.si\/index.php?rest_route=\/wp\/v2\/types\/page"}],"author":[{"embeddable":true,"href":"https:\/\/www.projekti.osdobje.si\/index.php?rest_route=\/wp\/v2\/users\/79491"}],"replies":[{"embeddable":true,"href":"https:\/\/www.projekti.osdobje.si\/index.php?rest_route=%2Fwp%2Fv2%2Fcomments&post=2723"}],"version-history":[{"count":4,"href":"https:\/\/www.projekti.osdobje.si\/index.php?rest_route=\/wp\/v2\/pages\/2723\/revisions"}],"predecessor-version":[{"id":2835,"href":"https:\/\/www.projekti.osdobje.si\/index.php?rest_route=\/wp\/v2\/pages\/2723\/revisions\/2835"}],"wp:attachment":[{"href":"https:\/\/www.projekti.osdobje.si\/index.php?rest_route=%2Fwp%2Fv2%2Fmedia&parent=2723"}],"curies":[{"name":"wp","href":"https:\/\/api.w.org\/{rel}","templated":true}]}}