{"id":2684,"date":"2024-01-09T08:25:58","date_gmt":"2024-01-09T07:25:58","guid":{"rendered":"https:\/\/dobprojekti.splet.arnes.si\/?page_id=2684"},"modified":"2024-01-10T08:53:35","modified_gmt":"2024-01-10T07:53:35","slug":"ka203","status":"publish","type":"page","link":"https:\/\/www.projekti.osdobje.si\/?page_id=2684","title":{"rendered":"KA203"},"content":{"rendered":"\n<p>Klju\u010dni ukrep KA203 je usmerjen v podporo inovacijam in izmenjavam na podro\u010dju strokovnega izobra\u017eevanja in usposabljanja. Omogo\u010da sodelovanje med organizacijami za strokovno izobra\u017eevanje iz razli\u010dnih dr\u017eav EU s ciljem <strong>razvijati novih pristopov in metod v strokovnem izobra\u017eevanju, izbolj\u0161anju kakovosti usposabljanja in prilagajanja potrebam trga dela ter spodbujanja inovativnih praks in pristopov.<\/strong><\/p>\n\n\n\n<p>Vklju\u010dene organizacije sodelujejo v okviru skupnih projektov, izmenjave strokovnjakov, razvoja novih programov in metod. V prvi vrsti gre za spodbujanje inovacij in sodelovanja na podro\u010dju strokovnega izobra\u017eevanja v EU.<\/p>\n\n\n\n<ol class=\"wp-block-list\"><\/ol>\n\n\n\n<p><\/p>\n","protected":false},"excerpt":{"rendered":"<p>Klju\u010dni ukrep KA203 je usmerjen v podporo inovacijam in izmenjavam na podro\u010dju strokovnega izobra\u017eevanja in usposabljanja. Omogo\u010da sodelovanje med organizacijami za strokovno izobra\u017eevanje iz razli\u010dnih dr\u017eav EU s ciljem razvijati novih pristopov in metod v strokovnem izobra\u017eevanju, izbolj\u0161anju kakovosti usposabljanja &hellip; <a href=\"https:\/\/www.projekti.osdobje.si\/?page_id=2684\">Beri naprej <span class=\"meta-nav\">&rarr;<\/span><\/a><\/p>\n","protected":false},"author":89974,"featured_media":0,"parent":0,"menu_order":0,"comment_status":"closed","ping_status":"closed","template":"","meta":{"ngg_post_thumbnail":0,"footnotes":"","_expiration-date-status":"","_expiration-date":0,"_expiration-date-type":"","_expiration-date-categories":[],"_expiration-date-options":[]},"class_list":["post-2684","page","type-page","status-publish","hentry"],"_links":{"self":[{"href":"https:\/\/www.projekti.osdobje.si\/index.php?rest_route=\/wp\/v2\/pages\/2684","targetHints":{"allow":["GET"]}}],"collection":[{"href":"https:\/\/www.projekti.osdobje.si\/index.php?rest_route=\/wp\/v2\/pages"}],"about":[{"href":"https:\/\/www.projekti.osdobje.si\/index.php?rest_route=\/wp\/v2\/types\/page"}],"author":[{"embeddable":true,"href":"https:\/\/www.projekti.osdobje.si\/index.php?rest_route=\/wp\/v2\/users\/89974"}],"replies":[{"embeddable":true,"href":"https:\/\/www.projekti.osdobje.si\/index.php?rest_route=%2Fwp%2Fv2%2Fcomments&post=2684"}],"version-history":[{"count":2,"href":"https:\/\/www.projekti.osdobje.si\/index.php?rest_route=\/wp\/v2\/pages\/2684\/revisions"}],"predecessor-version":[{"id":2705,"href":"https:\/\/www.projekti.osdobje.si\/index.php?rest_route=\/wp\/v2\/pages\/2684\/revisions\/2705"}],"wp:attachment":[{"href":"https:\/\/www.projekti.osdobje.si\/index.php?rest_route=%2Fwp%2Fv2%2Fmedia&parent=2684"}],"curies":[{"name":"wp","href":"https:\/\/api.w.org\/{rel}","templated":true}]}}