{"id":2681,"date":"2024-01-09T08:21:07","date_gmt":"2024-01-09T07:21:07","guid":{"rendered":"https:\/\/dobprojekti.splet.arnes.si\/?page_id=2681"},"modified":"2024-01-10T08:39:49","modified_gmt":"2024-01-10T07:39:49","slug":"ka122","status":"publish","type":"page","link":"https:\/\/www.projekti.osdobje.si\/?page_id=2681","title":{"rendered":"KA122"},"content":{"rendered":"\n<p>Klju\u010dni ukrep KA 122 omogo\u010da mobilnost osebja in u\u010de\u010dih se za neakreditirane organizacije.<br>Projekt lahko traja od 6-18 mesecev in vklju\u010duje najve\u010d 30 mobilnosti.<\/p>\n\n\n\n<p>Ukrep lahko vklju\u010duje<strong> sen\u010denje na delovnem mestu, pou\u010devanje na partnerski organizaciji, skupinsko mobilnost u\u010dencev, udele\u017ebo na strukturiranem te\u010daju, vabljene strokovnjake, gostovanje pripravnikov <\/strong>in <strong>pripravljalne obiske.<\/strong><\/p>\n","protected":false},"excerpt":{"rendered":"<p>Klju\u010dni ukrep KA 122 omogo\u010da mobilnost osebja in u\u010de\u010dih se za neakreditirane organizacije.Projekt lahko traja od 6-18 mesecev in vklju\u010duje najve\u010d 30 mobilnosti. Ukrep lahko vklju\u010duje sen\u010denje na delovnem mestu, pou\u010devanje na partnerski organizaciji, skupinsko mobilnost u\u010dencev, udele\u017ebo na strukturiranem &hellip; <a href=\"https:\/\/www.projekti.osdobje.si\/?page_id=2681\">Beri naprej <span class=\"meta-nav\">&rarr;<\/span><\/a><\/p>\n","protected":false},"author":89974,"featured_media":0,"parent":0,"menu_order":0,"comment_status":"closed","ping_status":"closed","template":"","meta":{"ngg_post_thumbnail":0,"footnotes":"","_expiration-date-status":"","_expiration-date":0,"_expiration-date-type":"","_expiration-date-categories":[],"_expiration-date-options":[]},"class_list":["post-2681","page","type-page","status-publish","hentry"],"_links":{"self":[{"href":"https:\/\/www.projekti.osdobje.si\/index.php?rest_route=\/wp\/v2\/pages\/2681","targetHints":{"allow":["GET"]}}],"collection":[{"href":"https:\/\/www.projekti.osdobje.si\/index.php?rest_route=\/wp\/v2\/pages"}],"about":[{"href":"https:\/\/www.projekti.osdobje.si\/index.php?rest_route=\/wp\/v2\/types\/page"}],"author":[{"embeddable":true,"href":"https:\/\/www.projekti.osdobje.si\/index.php?rest_route=\/wp\/v2\/users\/89974"}],"replies":[{"embeddable":true,"href":"https:\/\/www.projekti.osdobje.si\/index.php?rest_route=%2Fwp%2Fv2%2Fcomments&post=2681"}],"version-history":[{"count":4,"href":"https:\/\/www.projekti.osdobje.si\/index.php?rest_route=\/wp\/v2\/pages\/2681\/revisions"}],"predecessor-version":[{"id":2698,"href":"https:\/\/www.projekti.osdobje.si\/index.php?rest_route=\/wp\/v2\/pages\/2681\/revisions\/2698"}],"wp:attachment":[{"href":"https:\/\/www.projekti.osdobje.si\/index.php?rest_route=%2Fwp%2Fv2%2Fmedia&parent=2681"}],"curies":[{"name":"wp","href":"https:\/\/api.w.org\/{rel}","templated":true}]}}