{"id":2601,"date":"2024-01-04T11:59:27","date_gmt":"2024-01-04T10:59:27","guid":{"rendered":"https:\/\/dobprojekti.splet.arnes.si\/?page_id=2601"},"modified":"2024-06-19T10:01:14","modified_gmt":"2024-06-19T08:01:14","slug":"ka122-mobilnost-ucencev-na-poljsko","status":"publish","type":"page","link":"https:\/\/www.projekti.osdobje.si\/?page_id=2601","title":{"rendered":"Mobilnost u\u010dencev na Poljsko"},"content":{"rendered":"\n<p>7 u\u010dencev Osnovne \u0161ole Dobje se je z u\u010diteljicama Tino Zendzianowsky \u010cav\u0161 in Renejo Saro Centrih od 23. do 28. 10. 2023 udele\u017eilo skupinske mobilnosti u\u010dencev na Poljskem. Gostili so jih na Osnovni \u0161oli v bli\u017eini Krakova &#8211; <a href=\"https:\/\/www.zspbrzeznica.pl\/\">Zesp\u00f3\u0142 Szkolno \u2013 Przedszkolny w Brze\u017anicy<\/a>.<\/p>\n\n\n\n<figure class=\"wp-block-image size-large\"><img loading=\"lazy\" decoding=\"async\" width=\"1024\" height=\"576\" src=\"https:\/\/www.projekti.osdobje.si\/files\/2024\/01\/KA122_mobilnost-ucencev-PL01-1024x576.jpg\" alt=\"\" class=\"wp-image-2625\" srcset=\"https:\/\/www.projekti.osdobje.si\/files\/2024\/01\/KA122_mobilnost-ucencev-PL01-1024x576.jpg 1024w, https:\/\/www.projekti.osdobje.si\/files\/2024\/01\/KA122_mobilnost-ucencev-PL01-300x169.jpg 300w, https:\/\/www.projekti.osdobje.si\/files\/2024\/01\/KA122_mobilnost-ucencev-PL01-768x432.jpg 768w, https:\/\/www.projekti.osdobje.si\/files\/2024\/01\/KA122_mobilnost-ucencev-PL01-1536x864.jpg 1536w, https:\/\/www.projekti.osdobje.si\/files\/2024\/01\/KA122_mobilnost-ucencev-PL01-500x281.jpg 500w, https:\/\/www.projekti.osdobje.si\/files\/2024\/01\/KA122_mobilnost-ucencev-PL01.jpg 1920w\" sizes=\"auto, (max-width: 1024px) 100vw, 1024px\" \/><\/figure>\n\n\n\n<figure class=\"wp-block-image size-large\"><img loading=\"lazy\" decoding=\"async\" width=\"1024\" height=\"768\" src=\"https:\/\/www.projekti.osdobje.si\/files\/2024\/01\/KA122_mobilnost-ucencev-PL02-1024x768.jpg\" alt=\"\" class=\"wp-image-2626\" srcset=\"https:\/\/www.projekti.osdobje.si\/files\/2024\/01\/KA122_mobilnost-ucencev-PL02-1024x768.jpg 1024w, https:\/\/www.projekti.osdobje.si\/files\/2024\/01\/KA122_mobilnost-ucencev-PL02-300x225.jpg 300w, https:\/\/www.projekti.osdobje.si\/files\/2024\/01\/KA122_mobilnost-ucencev-PL02-768x576.jpg 768w, https:\/\/www.projekti.osdobje.si\/files\/2024\/01\/KA122_mobilnost-ucencev-PL02-1536x1152.jpg 1536w, https:\/\/www.projekti.osdobje.si\/files\/2024\/01\/KA122_mobilnost-ucencev-PL02-2048x1536.jpg 2048w, https:\/\/www.projekti.osdobje.si\/files\/2024\/01\/KA122_mobilnost-ucencev-PL02-400x300.jpg 400w\" sizes=\"auto, (max-width: 1024px) 100vw, 1024px\" \/><figcaption class=\"wp-element-caption\">Lastnik fotografij: Osnovna \u0161ola Dobje<\/figcaption><\/figure>\n","protected":false},"excerpt":{"rendered":"<p>7 u\u010dencev Osnovne \u0161ole Dobje se je z u\u010diteljicama Tino Zendzianowsky \u010cav\u0161 in Renejo Saro Centrih od 23. do 28. 10. 2023 udele\u017eilo skupinske mobilnosti u\u010dencev na Poljskem. Gostili so jih na Osnovni \u0161oli v bli\u017eini Krakova &#8211; Zesp\u00f3\u0142 Szkolno &hellip; <a href=\"https:\/\/www.projekti.osdobje.si\/?page_id=2601\">Beri naprej <span class=\"meta-nav\">&rarr;<\/span><\/a><\/p>\n","protected":false},"author":89974,"featured_media":0,"parent":0,"menu_order":0,"comment_status":"closed","ping_status":"closed","template":"","meta":{"ngg_post_thumbnail":0,"footnotes":"","_expiration-date-status":"","_expiration-date":0,"_expiration-date-type":"","_expiration-date-categories":[],"_expiration-date-options":[]},"class_list":["post-2601","page","type-page","status-publish","hentry"],"_links":{"self":[{"href":"https:\/\/www.projekti.osdobje.si\/index.php?rest_route=\/wp\/v2\/pages\/2601","targetHints":{"allow":["GET"]}}],"collection":[{"href":"https:\/\/www.projekti.osdobje.si\/index.php?rest_route=\/wp\/v2\/pages"}],"about":[{"href":"https:\/\/www.projekti.osdobje.si\/index.php?rest_route=\/wp\/v2\/types\/page"}],"author":[{"embeddable":true,"href":"https:\/\/www.projekti.osdobje.si\/index.php?rest_route=\/wp\/v2\/users\/89974"}],"replies":[{"embeddable":true,"href":"https:\/\/www.projekti.osdobje.si\/index.php?rest_route=%2Fwp%2Fv2%2Fcomments&post=2601"}],"version-history":[{"count":8,"href":"https:\/\/www.projekti.osdobje.si\/index.php?rest_route=\/wp\/v2\/pages\/2601\/revisions"}],"predecessor-version":[{"id":2782,"href":"https:\/\/www.projekti.osdobje.si\/index.php?rest_route=\/wp\/v2\/pages\/2601\/revisions\/2782"}],"wp:attachment":[{"href":"https:\/\/www.projekti.osdobje.si\/index.php?rest_route=%2Fwp%2Fv2%2Fmedia&parent=2601"}],"curies":[{"name":"wp","href":"https:\/\/api.w.org\/{rel}","templated":true}]}}