{"id":2598,"date":"2024-01-04T11:53:19","date_gmt":"2024-01-04T10:53:19","guid":{"rendered":"https:\/\/dobprojekti.splet.arnes.si\/?page_id=2598"},"modified":"2024-07-10T10:05:31","modified_gmt":"2024-07-10T08:05:31","slug":"ka122-2023-tehnologija-dobro-pocutje-in-narava-z-roko-v-roki","status":"publish","type":"page","link":"https:\/\/www.projekti.osdobje.si\/?page_id=2598","title":{"rendered":"KA122: 2023 &#8211; Tehnologija, dobro po\u010dutje in narava z roko v roki"},"content":{"rendered":"\n<p><strong>Trajanje projekta: <\/strong>1. 6. 2023 &#8211; 30. 11. 2024<\/p>\n\n\n\n<p><strong>Partnerske organizacije<\/strong>: Poljska, \u010ce\u0161ka, Finska, Danska, Srbija, Francija, Ciper, \u0160panija<\/p>\n\n\n<div class=\"wp-block-image\">\n<figure class=\"alignleft size-full is-resized\"><img loading=\"lazy\" decoding=\"async\" width=\"500\" height=\"500\" src=\"https:\/\/www.projekti.osdobje.si\/files\/2024\/01\/Logo-Z-roko-v-roki-1.png\" alt=\"\" class=\"wp-image-2615\" style=\"aspect-ratio:1;width:158px;height:auto\" srcset=\"https:\/\/www.projekti.osdobje.si\/files\/2024\/01\/Logo-Z-roko-v-roki-1.png 500w, https:\/\/www.projekti.osdobje.si\/files\/2024\/01\/Logo-Z-roko-v-roki-1-300x300.png 300w, https:\/\/www.projekti.osdobje.si\/files\/2024\/01\/Logo-Z-roko-v-roki-1-150x150.png 150w\" sizes=\"auto, (max-width: 500px) 100vw, 500px\" \/><\/figure>\n<\/div>\n\n\n<p>Projekt <strong>Tehnologija, dobro po\u010dutje in narava z roko v roki<\/strong> naslavlja tri podro\u010dja: <strong>razvoj digitalnih spretnosti in kompetenc<\/strong>, dobro <strong>fizi\u010dno in du\u0161evno po\u010dutje<\/strong> ter <strong>okoljske in podnebne spremembe<\/strong> in vklju\u010duje mobilnosti strokovnih delavcev in u\u010dencev.<\/p>\n\n\n\n<p><\/p>\n\n\n\n<p><\/p>\n\n\n\n<p>Cilji projekta so:<\/p>\n\n\n\n<div class=\"wp-block-group is-vertical is-layout-flex wp-container-core-group-is-layout-8cf370e7 wp-block-group-is-layout-flex\">\n<ul class=\"wp-block-list\">\n<li>krepitev zmogljivosti strokovnih delavcev za mednarodno sodelovanje&nbsp; ter izvajanje visoko kakovostnih <strong>oblik pou\u010devanja, ki vklju\u010duje uporabo digitalne tehnologije<\/strong> po celotni vertikali (vzgojitelji, u\u010ditelji);<\/li>\n<\/ul>\n\n\n\n<ul class=\"wp-block-list\">\n<li><strong>ozave\u0161\u010danje pomena dobrega po\u010dutja, du\u0161evnega zdravja in dobrih medsebojnih odnosov<\/strong>, kot&nbsp; posledic zdravega in varnega naravnega in spletnega okolja;<\/li>\n<\/ul>\n\n\n\n<ul class=\"wp-block-list\">\n<li>ozave\u0161\u010danje pomena <strong>trajnostnega razvoja <\/strong>s poudarkom na varovanju okolja in dru\u017ebeni odgovornosti.<\/li>\n<\/ul>\n<\/div>\n\n\n\n<p><\/p>\n\n\n\n<p>Nekaj vtisov je zbranih na facebook profilu na\u0161e \u0161ole pod klju\u010dnikom <a href=\"https:\/\/www.facebook.com\/hashtag\/ka122_digitalandgreen?locale=sl_SI\">#ka122_digitalandgreen<\/a><\/p>\n","protected":false},"excerpt":{"rendered":"<p>Trajanje projekta: 1. 6. 2023 &#8211; 30. 11. 2024 Partnerske organizacije: Poljska, \u010ce\u0161ka, Finska, Danska, Srbija, Francija, Ciper, \u0160panija Projekt Tehnologija, dobro po\u010dutje in narava z roko v roki naslavlja tri podro\u010dja: razvoj digitalnih spretnosti in kompetenc, dobro fizi\u010dno in &hellip; <a href=\"https:\/\/www.projekti.osdobje.si\/?page_id=2598\">Beri naprej <span class=\"meta-nav\">&rarr;<\/span><\/a><\/p>\n","protected":false},"author":89974,"featured_media":0,"parent":0,"menu_order":0,"comment_status":"closed","ping_status":"closed","template":"","meta":{"ngg_post_thumbnail":0,"footnotes":"","_expiration-date-status":"","_expiration-date":0,"_expiration-date-type":"","_expiration-date-categories":[],"_expiration-date-options":[]},"class_list":["post-2598","page","type-page","status-publish","hentry"],"_links":{"self":[{"href":"https:\/\/www.projekti.osdobje.si\/index.php?rest_route=\/wp\/v2\/pages\/2598","targetHints":{"allow":["GET"]}}],"collection":[{"href":"https:\/\/www.projekti.osdobje.si\/index.php?rest_route=\/wp\/v2\/pages"}],"about":[{"href":"https:\/\/www.projekti.osdobje.si\/index.php?rest_route=\/wp\/v2\/types\/page"}],"author":[{"embeddable":true,"href":"https:\/\/www.projekti.osdobje.si\/index.php?rest_route=\/wp\/v2\/users\/89974"}],"replies":[{"embeddable":true,"href":"https:\/\/www.projekti.osdobje.si\/index.php?rest_route=%2Fwp%2Fv2%2Fcomments&post=2598"}],"version-history":[{"count":12,"href":"https:\/\/www.projekti.osdobje.si\/index.php?rest_route=\/wp\/v2\/pages\/2598\/revisions"}],"predecessor-version":[{"id":2813,"href":"https:\/\/www.projekti.osdobje.si\/index.php?rest_route=\/wp\/v2\/pages\/2598\/revisions\/2813"}],"wp:attachment":[{"href":"https:\/\/www.projekti.osdobje.si\/index.php?rest_route=%2Fwp%2Fv2%2Fmedia&parent=2598"}],"curies":[{"name":"wp","href":"https:\/\/api.w.org\/{rel}","templated":true}]}}