{"id":1749,"date":"2020-10-06T12:21:18","date_gmt":"2020-10-06T10:21:18","guid":{"rendered":"http:\/\/dobprojekti.splet.arnes.si\/?page_id=1749"},"modified":"2024-02-12T09:53:30","modified_gmt":"2024-02-12T08:53:30","slug":"k203-2020-upgrade-with-learner-centered-approach","status":"publish","type":"page","link":"https:\/\/www.projekti.osdobje.si\/?page_id=1749","title":{"rendered":"KA203: 2020 \u2013 Upgrade with Learner-centered Approach"},"content":{"rendered":"<p><strong>Projekt naslavlja <\/strong>bodo\u010de&nbsp;u\u010ditelje in&nbsp; zaposlene u\u010ditelje na \u0161olah<strong>,<\/strong> ki <strong>izberejo preobrazbo v pristopu, osredoto\u010denem na u\u010denca (LCA)<\/strong>. Pristop sledi 7 klju\u010dnim na\u010delom LCA Gabriele Lojov\u00e1: aktivno u\u010denje, vsebine (relevantno znanje), kognitivne + afektivne domene, pristop k u\u010dencem (sprejemanje, spodbujanje), pozitivno u\u010dno vzdu\u0161je, vloga u\u010ditelja in vloga u\u010dencev.<\/p>\n<p>Projekt koordinira Pedago\u0161ka fakulteta, Katoli\u0161ka univerza v Ru\u017eomberoku, Slova\u0161ka, projektni partnerji pa so Center za inovacije in digitalno izobra\u017eevanje Dig-Ed , Severna Makedonija; Osnovna \u0161ola Bystrick\u00e1 cesta 14 v Ru\u017eomberoku, Slova\u0161ka; Biedriba Eurofortis, Latvija; Akademija HARMONY, Slova\u0161ka; Osnovna \u0161ola ob\u010dine &#8220;StrashoPindjur&#8221; v Negotino v Severni Makedoniji; Univerza Mykolas Romeris, mednarodna univerza v Litvi; Osnovna \u0161ola Dobje, Slovenija; Osnovna \u0161ola Vilnius Pranas Masiotas v Vilni.<\/p>\n<p><strong>Cilji projekta so:<\/strong><\/p>\n<ul>\n<li>pove\u010dati kakovost univerzitetnega izobra\u017eevanja z izvajanjem pristopa, osredoto\u010denega na u\u010denca;<\/li>\n<li>razvijati odli\u010dne \u0161ole, ki temeljijo na modelu odli\u010dnosti EFQM;<\/li>\n<li>razviti funkcionalno samoupravljanje in razvojno pot Learn&amp;Lead u\u010ditelja v \u0161olskem okolju.<\/li>\n<\/ul>\n","protected":false},"excerpt":{"rendered":"<p>Projekt naslavlja bodo\u010de&nbsp;u\u010ditelje in&nbsp; zaposlene u\u010ditelje na \u0161olah, ki izberejo preobrazbo v pristopu, osredoto\u010denem na u\u010denca (LCA). Pristop sledi 7 klju\u010dnim na\u010delom LCA Gabriele Lojov\u00e1: aktivno u\u010denje, vsebine (relevantno znanje), kognitivne + afektivne domene, pristop k u\u010dencem (sprejemanje, spodbujanje), pozitivno &hellip; <a href=\"https:\/\/www.projekti.osdobje.si\/?page_id=1749\">Beri naprej <span class=\"meta-nav\">&rarr;<\/span><\/a><\/p>\n","protected":false},"author":89974,"featured_media":0,"parent":0,"menu_order":0,"comment_status":"closed","ping_status":"closed","template":"","meta":{"ngg_post_thumbnail":0,"footnotes":"","_expiration-date-status":"","_expiration-date":1707727998,"_expiration-date-type":"draft","_expiration-date-categories":[],"_expiration-date-options":[]},"class_list":["post-1749","page","type-page","status-publish","hentry"],"_links":{"self":[{"href":"https:\/\/www.projekti.osdobje.si\/index.php?rest_route=\/wp\/v2\/pages\/1749","targetHints":{"allow":["GET"]}}],"collection":[{"href":"https:\/\/www.projekti.osdobje.si\/index.php?rest_route=\/wp\/v2\/pages"}],"about":[{"href":"https:\/\/www.projekti.osdobje.si\/index.php?rest_route=\/wp\/v2\/types\/page"}],"author":[{"embeddable":true,"href":"https:\/\/www.projekti.osdobje.si\/index.php?rest_route=\/wp\/v2\/users\/89974"}],"replies":[{"embeddable":true,"href":"https:\/\/www.projekti.osdobje.si\/index.php?rest_route=%2Fwp%2Fv2%2Fcomments&post=1749"}],"version-history":[{"count":5,"href":"https:\/\/www.projekti.osdobje.si\/index.php?rest_route=\/wp\/v2\/pages\/1749\/revisions"}],"predecessor-version":[{"id":2658,"href":"https:\/\/www.projekti.osdobje.si\/index.php?rest_route=\/wp\/v2\/pages\/1749\/revisions\/2658"}],"wp:attachment":[{"href":"https:\/\/www.projekti.osdobje.si\/index.php?rest_route=%2Fwp%2Fv2%2Fmedia&parent=1749"}],"curies":[{"name":"wp","href":"https:\/\/api.w.org\/{rel}","templated":true}]}}