{"id":1731,"date":"2020-10-06T12:13:19","date_gmt":"2020-10-06T10:13:19","guid":{"rendered":"http:\/\/dobprojekti.splet.arnes.si\/?page_id=1731"},"modified":"2024-01-05T08:17:26","modified_gmt":"2024-01-05T07:17:26","slug":"ka229-2020-dressed-to-clil","status":"publish","type":"page","link":"https:\/\/www.projekti.osdobje.si\/?page_id=1731","title":{"rendered":"KA229: 2020 &#8211; Dressed to CLIL"},"content":{"rendered":"\n<p>Pet vklju\u010denih evropskih \u0161ol je iskalo odgovore na vpra\u0161anje, kako lahko v osnovnih \u0161olah, kjer se pri pou\u010devanju uporablja metoda CLIL, naredimo \u010dim ve\u010dji poudarek na kulturnem aspektu. Hkrati je bilo v ospredju razvoj klju\u010dnih kompetenc u\u010denca in u\u010ditelja v avtenti\u010dnih okoljih.<\/p>\n\n\n\n<p><strong>Cilji projekta so:<\/strong><\/p>\n\n\n\n<ul class=\"wp-block-list\">\n<li>ustvariti dve didakti\u010dni enoti, ki vsebujeta razvoj klju\u010dnih kompetenc in poudarjajo kulturni vidik CLIL-a;<\/li>\n\n\n\n<li>u\u010dencem in u\u010diteljem v avtenti\u010dnih situacijah in okolju omogo\u010diti razvoj klju\u010dnih kompetenc s poudarkom na tujem jeziku;<\/li>\n\n\n\n<li>izbolj\u0161ati in nadgraditi obstoje\u010de CLIL izobra\u017eevanje z evropsko dimenzijo in razmislekom iz raznolikih perspektiv.<\/li>\n<\/ul>\n","protected":false},"excerpt":{"rendered":"<p>Pet vklju\u010denih evropskih \u0161ol je iskalo odgovore na vpra\u0161anje, kako lahko v osnovnih \u0161olah, kjer se pri pou\u010devanju uporablja metoda CLIL, naredimo \u010dim ve\u010dji poudarek na kulturnem aspektu. Hkrati je bilo v ospredju razvoj klju\u010dnih kompetenc u\u010denca in u\u010ditelja v &hellip; <a href=\"https:\/\/www.projekti.osdobje.si\/?page_id=1731\">Beri naprej <span class=\"meta-nav\">&rarr;<\/span><\/a><\/p>\n","protected":false},"author":89974,"featured_media":0,"parent":0,"menu_order":0,"comment_status":"closed","ping_status":"closed","template":"","meta":{"ngg_post_thumbnail":0,"footnotes":"","_expiration-date-status":"","_expiration-date":0,"_expiration-date-type":"","_expiration-date-categories":[],"_expiration-date-options":[]},"class_list":["post-1731","page","type-page","status-publish","hentry"],"_links":{"self":[{"href":"https:\/\/www.projekti.osdobje.si\/index.php?rest_route=\/wp\/v2\/pages\/1731","targetHints":{"allow":["GET"]}}],"collection":[{"href":"https:\/\/www.projekti.osdobje.si\/index.php?rest_route=\/wp\/v2\/pages"}],"about":[{"href":"https:\/\/www.projekti.osdobje.si\/index.php?rest_route=\/wp\/v2\/types\/page"}],"author":[{"embeddable":true,"href":"https:\/\/www.projekti.osdobje.si\/index.php?rest_route=\/wp\/v2\/users\/89974"}],"replies":[{"embeddable":true,"href":"https:\/\/www.projekti.osdobje.si\/index.php?rest_route=%2Fwp%2Fv2%2Fcomments&post=1731"}],"version-history":[{"count":12,"href":"https:\/\/www.projekti.osdobje.si\/index.php?rest_route=\/wp\/v2\/pages\/1731\/revisions"}],"predecessor-version":[{"id":2660,"href":"https:\/\/www.projekti.osdobje.si\/index.php?rest_route=\/wp\/v2\/pages\/1731\/revisions\/2660"}],"wp:attachment":[{"href":"https:\/\/www.projekti.osdobje.si\/index.php?rest_route=%2Fwp%2Fv2%2Fmedia&parent=1731"}],"curies":[{"name":"wp","href":"https:\/\/api.w.org\/{rel}","templated":true}]}}