{"id":1663,"date":"2020-07-13T22:43:35","date_gmt":"2020-07-13T20:43:35","guid":{"rendered":"http:\/\/dobprojekti.splet.arnes.si\/?page_id=1663"},"modified":"2024-06-19T09:14:31","modified_gmt":"2024-06-19T07:14:31","slug":"k203-2019-vrtec","status":"publish","type":"page","link":"https:\/\/www.projekti.osdobje.si\/?page_id=1663","title":{"rendered":"KA201: 2019 \u2013 The adventures of Out-Of-Classroom Teaching"},"content":{"rendered":"<p>Projekt,&nbsp; imenovan \u201c<strong>Pustolov\u0161\u010dine u\u010denja izven zidov vrtca<\/strong>\u201d, je nastal v okviru programa Erasmus +, strate\u0161ka partnerstva za \u0161olske in pred\u0161olske organizacije. Projekt koordinira otro\u0161ki vrtec \u201cMa\u0161tolend\u201d iz Novega Sada \u2013 Republika Srbija. Strate\u0161ki projektni partnerji so: Osnovna \u0161ola \u201cDobje\u201d\u2013 Republika Slovenija, vrtec \u201cMasla\u010dak\u201d iz Pule \u2013 Republika Hrva\u0161ka, vrtec&nbsp; \u201cV\u010dielka\u201d&nbsp; Ba\u010dki Petrovac \u2013 Republika Srbija in Galerija Matice srbske, Novi Sad \u2013 Republika Srbija. <strong>Vse partnerske organizacije so sodelovale pri izdelavi priro\u010dnika o mo\u017enostih u\u010denja izven zidov vrtca oz.\u0161ole<\/strong>, ki izhajajo iz dobrih praks vseh vklju\u010denih organizacij.<\/p>\n<p><strong>Cilj projekta<\/strong> je spodbujati znanje in ve\u0161\u010dine vrt\u010devskih otrok ter otrok prvega triletja pri razvoju inovativnega modela u\u010denja in pou\u010devanja, ki temelji na igri, u\u010denju na prostem (v naravnem okolju) ter kulturnih, znanstvenih, \u0161portnih in drugih javnih ustanovah.&nbsp;<\/p>\n","protected":false},"excerpt":{"rendered":"<p>Projekt,&nbsp; imenovan \u201cPustolov\u0161\u010dine u\u010denja izven zidov vrtca\u201d, je nastal v okviru programa Erasmus +, strate\u0161ka partnerstva za \u0161olske in pred\u0161olske organizacije. Projekt koordinira otro\u0161ki vrtec \u201cMa\u0161tolend\u201d iz Novega Sada \u2013 Republika Srbija. Strate\u0161ki projektni partnerji so: Osnovna \u0161ola \u201cDobje\u201d\u2013 Republika &hellip; <a href=\"https:\/\/www.projekti.osdobje.si\/?page_id=1663\">Beri naprej <span class=\"meta-nav\">&rarr;<\/span><\/a><\/p>\n","protected":false},"author":89974,"featured_media":0,"parent":0,"menu_order":0,"comment_status":"closed","ping_status":"closed","template":"","meta":{"ngg_post_thumbnail":0,"footnotes":"","_expiration-date-status":"","_expiration-date":0,"_expiration-date-type":"","_expiration-date-categories":[],"_expiration-date-options":[]},"class_list":["post-1663","page","type-page","status-publish","hentry"],"_links":{"self":[{"href":"https:\/\/www.projekti.osdobje.si\/index.php?rest_route=\/wp\/v2\/pages\/1663","targetHints":{"allow":["GET"]}}],"collection":[{"href":"https:\/\/www.projekti.osdobje.si\/index.php?rest_route=\/wp\/v2\/pages"}],"about":[{"href":"https:\/\/www.projekti.osdobje.si\/index.php?rest_route=\/wp\/v2\/types\/page"}],"author":[{"embeddable":true,"href":"https:\/\/www.projekti.osdobje.si\/index.php?rest_route=\/wp\/v2\/users\/89974"}],"replies":[{"embeddable":true,"href":"https:\/\/www.projekti.osdobje.si\/index.php?rest_route=%2Fwp%2Fv2%2Fcomments&post=1663"}],"version-history":[{"count":7,"href":"https:\/\/www.projekti.osdobje.si\/index.php?rest_route=\/wp\/v2\/pages\/1663\/revisions"}],"predecessor-version":[{"id":2762,"href":"https:\/\/www.projekti.osdobje.si\/index.php?rest_route=\/wp\/v2\/pages\/1663\/revisions\/2762"}],"wp:attachment":[{"href":"https:\/\/www.projekti.osdobje.si\/index.php?rest_route=%2Fwp%2Fv2%2Fmedia&parent=1663"}],"curies":[{"name":"wp","href":"https:\/\/api.w.org\/{rel}","templated":true}]}}