{"id":1619,"date":"2020-07-13T22:11:48","date_gmt":"2020-07-13T20:11:48","guid":{"rendered":"http:\/\/dobprojekti.splet.arnes.si\/?page_id=1619"},"modified":"2024-01-04T13:30:00","modified_gmt":"2024-01-04T12:30:00","slug":"ka229-2019-vrtec","status":"publish","type":"page","link":"https:\/\/www.projekti.osdobje.si\/?page_id=1619","title":{"rendered":"KA229: 2019 &#8211; CREATE (Come &#8211; Renew &#8211; Europe &#8211; Art &#8211; Together &#8211; Easily)"},"content":{"rendered":"<p><a href=\"https:\/\/discoveredandshared.weebly.com\/?fbclid=IwAR2QfX56KkSBIbAz-jD_K5ncTMIHbMvyMoAK7KeBa_Yt0V1PA5Smn6IpFxc\" target=\"_blank\" rel=\"noopener noreferrer\">Spletna stran projekta <strong>CREATE<\/strong><\/a><\/p>\n<p>Projekt, ki vklju\u010duje 6 evropskih dr\u017eav in traja 2 leti, temelji na gradnji in razvoju&nbsp; evropskega dr\u017eavljanstva in kompetenc med otroki, njihovimi star\u0161i in vzgojitelji. V okviru umetnosti in kulture vklju\u010deni spoznavajo svojo &#8211; nacionalno &#8211; tradicijo in spoznavajo tujo. Na ta na\u010din ozave\u0161\u010dajo in krepijo svojo nacionalno in posledi\u010dno evropsko pripadnost. Hkrati gre za deljenje dobrih praks in primerjavo le teh, ki vklju\u010duje tudi razvijanje profesionalnih in tujejezikovnih spretnosti vzgojno-izobra\u017eevalnega osebja.<\/p>\n<p><strong>Cilji projekta so zastavljeni z vidika strokovnih delavcev in u\u010dencev.<br \/>\n<\/strong><\/p>\n<p>Vzgojitelji imajo mo\u017enost profesionalnega razvoja, ki vklju\u010duje razumevanje, primerjavo in izbiro metod in praks pri pou\u010devanju v partnerskih dr\u017eavah; opazovanje in prou\u010devanje inkluzije (prakse inkluzije); iskanje drugih mo\u017enosti ob neuspehu ali u\u010dnih te\u017eavah; razvoj in spodbujanje&nbsp;tuje jezikovnih&nbsp;spretnosti; seznanitev in uporaba orodij za oddaljeno komunikacijo;&nbsp;&nbsp;raz\u0161irjanje lastne kulture na evropski ravni,<\/p>\n<p>Otroci v obdobju trajanja projekta spoznavajo lastno kulturo in raziskujejo kulture drugih evropskih narodov; usvajajo geografsko, kulturno in jezikovno znanje o Evropi &#8211; krepijo nacionalno in evropsko pripadnost; se urijo v razvoju predopismenjevalnih sposobnosti, sposobnosti sprejemanja odlo\u010ditev, argumentiranja, sprejemanja odgovornosti in kriti\u010dnega mi\u0161ljenja; ozave\u0161\u010dajo obstoj mnogih jezikov in razvijajo socialne spretnosti. Hkrati razvijajo umetni\u0161ko predstavljivost in ustvarjalnost, digitalno pismenost.<\/p>\n","protected":false},"excerpt":{"rendered":"<p>Spletna stran projekta CREATE Projekt, ki vklju\u010duje 6 evropskih dr\u017eav in traja 2 leti, temelji na gradnji in razvoju&nbsp; evropskega dr\u017eavljanstva in kompetenc med otroki, njihovimi star\u0161i in vzgojitelji. V okviru umetnosti in kulture vklju\u010deni spoznavajo svojo &#8211; nacionalno &#8211; &hellip; <a href=\"https:\/\/www.projekti.osdobje.si\/?page_id=1619\">Beri naprej <span class=\"meta-nav\">&rarr;<\/span><\/a><\/p>\n","protected":false},"author":89974,"featured_media":0,"parent":0,"menu_order":0,"comment_status":"closed","ping_status":"closed","template":"","meta":{"ngg_post_thumbnail":0,"footnotes":"","_expiration-date-status":"","_expiration-date":0,"_expiration-date-type":"","_expiration-date-categories":[],"_expiration-date-options":[]},"class_list":["post-1619","page","type-page","status-publish","hentry"],"_links":{"self":[{"href":"https:\/\/www.projekti.osdobje.si\/index.php?rest_route=\/wp\/v2\/pages\/1619","targetHints":{"allow":["GET"]}}],"collection":[{"href":"https:\/\/www.projekti.osdobje.si\/index.php?rest_route=\/wp\/v2\/pages"}],"about":[{"href":"https:\/\/www.projekti.osdobje.si\/index.php?rest_route=\/wp\/v2\/types\/page"}],"author":[{"embeddable":true,"href":"https:\/\/www.projekti.osdobje.si\/index.php?rest_route=\/wp\/v2\/users\/89974"}],"replies":[{"embeddable":true,"href":"https:\/\/www.projekti.osdobje.si\/index.php?rest_route=%2Fwp%2Fv2%2Fcomments&post=1619"}],"version-history":[{"count":16,"href":"https:\/\/www.projekti.osdobje.si\/index.php?rest_route=\/wp\/v2\/pages\/1619\/revisions"}],"predecessor-version":[{"id":2650,"href":"https:\/\/www.projekti.osdobje.si\/index.php?rest_route=\/wp\/v2\/pages\/1619\/revisions\/2650"}],"wp:attachment":[{"href":"https:\/\/www.projekti.osdobje.si\/index.php?rest_route=%2Fwp%2Fv2%2Fmedia&parent=1619"}],"curies":[{"name":"wp","href":"https:\/\/api.w.org\/{rel}","templated":true}]}}