{"id":1615,"date":"2020-07-13T22:10:59","date_gmt":"2020-07-13T20:10:59","guid":{"rendered":"http:\/\/dobprojekti.splet.arnes.si\/?page_id=1615"},"modified":"2024-01-05T08:17:09","modified_gmt":"2024-01-05T07:17:09","slug":"ka229-2018-mednarodna-izmenjava-inovativnih-praks-v-in-med-solami","status":"publish","type":"page","link":"https:\/\/www.projekti.osdobje.si\/?page_id=1615","title":{"rendered":"KA229: 2018 &#8211; Mednarodna izmenjava inovativnih praks v in med \u0161olami"},"content":{"rendered":"<p>Namen projekta <strong>Mednarodna izmenjava inovativnih praks v in med \u0161olami je <\/strong>izmenjava primerov inovativnih praks pou\u010devanja, ki preko digitalne pismenosti spodbuja razvoj ostalih kompetenc, s poudarkom na razvoju jezikovne kompetence z metodo <a href=\"https:\/\/www.onestopenglish.com\/clil\/what-is-clil\/501038.article\" target=\"_blank\" rel=\"noopener noreferrer\">CLIL<\/a> (Contend and Language Integrated Learning).<\/p>\n<p><strong>Cilji projekta so:<br \/>\n<\/strong><\/p>\n<ul>\n<li>dvig in zagotavljanje kakovosti pou\u010devanja (razvoj odprtega okolja za u\u010denje ter vrednotenje lastnega znanja, izbolj\u0161ano znanje tujega jezika);<\/li>\n<li>uvajanje inovacij (izbolj\u0161ava formativnega spremljanja na vseh predmetnih podro\u010djih, razvoj digitalne pismenosti, razvoj uporabe metode CLIL za pou\u010devanje tujih jezikov);<\/li>\n<li>internacionalizacija (razvoj in ureditev u\u010dnih gradiv in orodij, ki so globalno dostopna ter razvoj izobra\u017eevalnih modulov, ki se bodo izvajali na nacionalni in mednarodni ravni);<\/li>\n<li>profesionalni razvoj strokovnih in vodstvenih delavcev (povi\u0161ana zmo\u017enost sodelovanja v mednarodnem okolju);<\/li>\n<li>socialna vklju\u010denost (izbolj\u0161ati uspeh in mo\u017enosti tistih z manj prilo\u017enostmi).<\/li>\n<\/ul>\n","protected":false},"excerpt":{"rendered":"<p>Namen projekta Mednarodna izmenjava inovativnih praks v in med \u0161olami je izmenjava primerov inovativnih praks pou\u010devanja, ki preko digitalne pismenosti spodbuja razvoj ostalih kompetenc, s poudarkom na razvoju jezikovne kompetence z metodo CLIL (Contend and Language Integrated Learning). Cilji projekta &hellip; <a href=\"https:\/\/www.projekti.osdobje.si\/?page_id=1615\">Beri naprej <span class=\"meta-nav\">&rarr;<\/span><\/a><\/p>\n","protected":false},"author":89974,"featured_media":0,"parent":0,"menu_order":0,"comment_status":"closed","ping_status":"closed","template":"","meta":{"ngg_post_thumbnail":0,"footnotes":"","_expiration-date-status":"","_expiration-date":1704439007,"_expiration-date-type":"draft","_expiration-date-categories":[],"_expiration-date-options":[]},"class_list":["post-1615","page","type-page","status-publish","hentry"],"_links":{"self":[{"href":"https:\/\/www.projekti.osdobje.si\/index.php?rest_route=\/wp\/v2\/pages\/1615","targetHints":{"allow":["GET"]}}],"collection":[{"href":"https:\/\/www.projekti.osdobje.si\/index.php?rest_route=\/wp\/v2\/pages"}],"about":[{"href":"https:\/\/www.projekti.osdobje.si\/index.php?rest_route=\/wp\/v2\/types\/page"}],"author":[{"embeddable":true,"href":"https:\/\/www.projekti.osdobje.si\/index.php?rest_route=\/wp\/v2\/users\/89974"}],"replies":[{"embeddable":true,"href":"https:\/\/www.projekti.osdobje.si\/index.php?rest_route=%2Fwp%2Fv2%2Fcomments&post=1615"}],"version-history":[{"count":11,"href":"https:\/\/www.projekti.osdobje.si\/index.php?rest_route=\/wp\/v2\/pages\/1615\/revisions"}],"predecessor-version":[{"id":2659,"href":"https:\/\/www.projekti.osdobje.si\/index.php?rest_route=\/wp\/v2\/pages\/1615\/revisions\/2659"}],"wp:attachment":[{"href":"https:\/\/www.projekti.osdobje.si\/index.php?rest_route=%2Fwp%2Fv2%2Fmedia&parent=1615"}],"curies":[{"name":"wp","href":"https:\/\/api.w.org\/{rel}","templated":true}]}}