{"id":1547,"date":"2020-07-13T21:36:12","date_gmt":"2020-07-13T19:36:12","guid":{"rendered":"http:\/\/dobprojekti.splet.arnes.si\/?page_id=1547"},"modified":"2024-06-19T09:13:46","modified_gmt":"2024-06-19T07:13:46","slug":"ka1-2020-zmoremo-poucevati-v-tujini","status":"publish","type":"page","link":"https:\/\/www.projekti.osdobje.si\/?page_id=1547","title":{"rendered":"KA1: 2020 &#8211; Zmoremo pou\u010devati v tujini"},"content":{"rendered":"<h1>&nbsp;<\/h1>\n<p>S projektom <strong>Zmoremo pou\u010devati v tujini&nbsp;<\/strong><strong>\u017eelimo<\/strong> o<strong><em>plemenititi na\u0161e delo<\/em><\/strong> na podro\u010dju aktivnih oblik dela in ga <strong><em>teoreti\u010dno podpreti<\/em><\/strong>. Nadgraditi ga \u017eelimo <strong><em>ne le s sprejemanjem znanj, temve\u010d s \u0161irjenjem lastnega znanja<\/em><\/strong> in razvitega modela pou\u010devanja v evropski prostor. V ta namen smo poleg izobra\u017eevanj, ki jih \u017ee izvajamo v slovenskem prostoru, oblikovali <strong><em>mednarodno <\/em><\/strong><em><strong>izobra\u017eevanje<\/strong><\/em><strong> Benchmarking Slovenian schools<\/strong>.<\/p>\n<p><strong>Cilji projekta:<\/strong><\/p>\n<ul>\n<li>poglobiti znanja s podro\u010dja nevroznanosti;<\/li>\n<li>izkusiti delovanje razli\u010dnih didakti\u010dnih konceptov ter orodij v mednarodnem okolju z raznolikimi kulturnimi normami, ki delujejo v podporo aktivnemu u\u010denju z uporabo IKT;<\/li>\n<li>kriti\u010dno vrednotiti evropske izobra\u017eevalne sisteme, didakti\u010dne pristope in orodja v podporo aktivnemu u\u010denju;<\/li>\n<li>preizku\u0161ati in v mednarodnem prostoru preveriti delovanje razvitih modelov pou\u010devanja z u\u010dencem v sredi\u0161\u010du u\u010dnega procesa ter u\u010diteljem v vlogi moderatorja ob uporabo IKT;<\/li>\n<li>razviti strokovna izobra\u017eevanja, ki teoreti\u010dno in prakti\u010dno opolnomo\u010dijo u\u010ditelja k vzpostavitvi modela pou\u010devanja z u\u010dencem v sredi\u0161\u010du u\u010dnega procesa ter u\u010diteljem v vlogi moderatorja;<\/li>\n<li>dvigniti nivo jezika stroke v tujem jeziku.<\/li>\n<\/ul>\n","protected":false},"excerpt":{"rendered":"<p>&nbsp; S projektom Zmoremo pou\u010devati v tujini&nbsp;\u017eelimo oplemenititi na\u0161e delo na podro\u010dju aktivnih oblik dela in ga teoreti\u010dno podpreti. Nadgraditi ga \u017eelimo ne le s sprejemanjem znanj, temve\u010d s \u0161irjenjem lastnega znanja in razvitega modela pou\u010devanja v evropski prostor. V &hellip; <a href=\"https:\/\/www.projekti.osdobje.si\/?page_id=1547\">Beri naprej <span class=\"meta-nav\">&rarr;<\/span><\/a><\/p>\n","protected":false},"author":89974,"featured_media":0,"parent":0,"menu_order":0,"comment_status":"closed","ping_status":"closed","template":"","meta":{"ngg_post_thumbnail":0,"footnotes":"","_expiration-date-status":"","_expiration-date":1718781218,"_expiration-date-type":"draft","_expiration-date-categories":[],"_expiration-date-options":[]},"class_list":["post-1547","page","type-page","status-publish","hentry"],"_links":{"self":[{"href":"https:\/\/www.projekti.osdobje.si\/index.php?rest_route=\/wp\/v2\/pages\/1547","targetHints":{"allow":["GET"]}}],"collection":[{"href":"https:\/\/www.projekti.osdobje.si\/index.php?rest_route=\/wp\/v2\/pages"}],"about":[{"href":"https:\/\/www.projekti.osdobje.si\/index.php?rest_route=\/wp\/v2\/types\/page"}],"author":[{"embeddable":true,"href":"https:\/\/www.projekti.osdobje.si\/index.php?rest_route=\/wp\/v2\/users\/89974"}],"replies":[{"embeddable":true,"href":"https:\/\/www.projekti.osdobje.si\/index.php?rest_route=%2Fwp%2Fv2%2Fcomments&post=1547"}],"version-history":[{"count":11,"href":"https:\/\/www.projekti.osdobje.si\/index.php?rest_route=\/wp\/v2\/pages\/1547\/revisions"}],"predecessor-version":[{"id":2645,"href":"https:\/\/www.projekti.osdobje.si\/index.php?rest_route=\/wp\/v2\/pages\/1547\/revisions\/2645"}],"wp:attachment":[{"href":"https:\/\/www.projekti.osdobje.si\/index.php?rest_route=%2Fwp%2Fv2%2Fmedia&parent=1547"}],"curies":[{"name":"wp","href":"https:\/\/api.w.org\/{rel}","templated":true}]}}