{"id":1543,"date":"2020-07-13T21:35:59","date_gmt":"2020-07-13T19:35:59","guid":{"rendered":"http:\/\/dobprojekti.splet.arnes.si\/?page_id=1543"},"modified":"2024-01-09T08:31:58","modified_gmt":"2024-01-09T07:31:58","slug":"ka1-2019-ucenje-raziskovanje-inovacija","status":"publish","type":"page","link":"https:\/\/www.projekti.osdobje.si\/?page_id=1543","title":{"rendered":"KA1: 2019 &#8211; U\u010denje, raziskovanje, inovacija"},"content":{"rendered":"<p>Projekt<strong> U\u010denje, raziskovanje, inovacija poglablja <\/strong><em><strong>razumevanje didakti\u010dnih pristopov<\/strong><\/em> in uporabo orodij, ki podpirajo aktivne oblike u\u010denja ter njihovo delovanje preveriti v praksi. Hkrati<strong> raziskuje vlogo u\u010denca in u\u010ditelja<\/strong> v u\u010dnem procesu glede na uporabljen didakti\u010dni pristop, <strong>kriti\u010dno vrednotiti evropske izobra\u017eevalne sisteme<\/strong> ter razviti model in podlage za vpeljavo pristopov k <strong>pou\u010devanju z u\u010dencem v sredi\u0161\u010du<\/strong> u\u010dnega procesa.<\/p>\n<p><strong>Cilji projekta:<br \/>\n<\/strong><\/p>\n<ul>\n<li>seznaniti se oz. poglobiti razumevanje didakti\u010dnih pristopov in uporabo orodij, ki podpirajo aktivne oblike u\u010denja ter njihovo delovanje preveriti v praksi;<\/li>\n<li>pridobiti izku\u0161nje delovanja razli\u010dnih didakti\u010dnih pristopov ter orodij v podporo aktivnemu u\u010denju v mednarodnem okolju z raznolikimi kulturnimi normami;<\/li>\n<li>raziskati vlogo u\u010denca in u\u010ditelja v u\u010dnem procesu glede na uporabljen didakti\u010dni pristop;<\/li>\n<li>kriti\u010dno vrednotiti evropske izobra\u017eevalne modele, didakti\u010dne pristope in orodja v podporo aktivnemu u\u010denju;<\/li>\n<li>razviti vizijo in podlage za vpeljavo modelov pou\u010devanja z u\u010dencem v sredi\u0161\u010du u\u010dnega procesa ter u\u010diteljem v vlogi moderatorja;<\/li>\n<li>preiti od razvitih medkulturnih na interkulturne kompetence.<\/li>\n<\/ul>\n","protected":false},"excerpt":{"rendered":"<p>Projekt U\u010denje, raziskovanje, inovacija poglablja razumevanje didakti\u010dnih pristopov in uporabo orodij, ki podpirajo aktivne oblike u\u010denja ter njihovo delovanje preveriti v praksi. Hkrati raziskuje vlogo u\u010denca in u\u010ditelja v u\u010dnem procesu glede na uporabljen didakti\u010dni pristop, kriti\u010dno vrednotiti evropske izobra\u017eevalne &hellip; <a href=\"https:\/\/www.projekti.osdobje.si\/?page_id=1543\">Beri naprej <span class=\"meta-nav\">&rarr;<\/span><\/a><\/p>\n","protected":false},"author":89974,"featured_media":0,"parent":0,"menu_order":0,"comment_status":"closed","ping_status":"closed","template":"","meta":{"ngg_post_thumbnail":0,"footnotes":"","_expiration-date-status":"","_expiration-date":0,"_expiration-date-type":"","_expiration-date-categories":[],"_expiration-date-options":[]},"class_list":["post-1543","page","type-page","status-publish","hentry"],"_links":{"self":[{"href":"https:\/\/www.projekti.osdobje.si\/index.php?rest_route=\/wp\/v2\/pages\/1543","targetHints":{"allow":["GET"]}}],"collection":[{"href":"https:\/\/www.projekti.osdobje.si\/index.php?rest_route=\/wp\/v2\/pages"}],"about":[{"href":"https:\/\/www.projekti.osdobje.si\/index.php?rest_route=\/wp\/v2\/types\/page"}],"author":[{"embeddable":true,"href":"https:\/\/www.projekti.osdobje.si\/index.php?rest_route=\/wp\/v2\/users\/89974"}],"replies":[{"embeddable":true,"href":"https:\/\/www.projekti.osdobje.si\/index.php?rest_route=%2Fwp%2Fv2%2Fcomments&post=1543"}],"version-history":[{"count":12,"href":"https:\/\/www.projekti.osdobje.si\/index.php?rest_route=\/wp\/v2\/pages\/1543\/revisions"}],"predecessor-version":[{"id":2654,"href":"https:\/\/www.projekti.osdobje.si\/index.php?rest_route=\/wp\/v2\/pages\/1543\/revisions\/2654"}],"wp:attachment":[{"href":"https:\/\/www.projekti.osdobje.si\/index.php?rest_route=%2Fwp%2Fv2%2Fmedia&parent=1543"}],"curies":[{"name":"wp","href":"https:\/\/api.w.org\/{rel}","templated":true}]}}