{"id":1519,"date":"2020-07-13T11:07:32","date_gmt":"2020-07-13T09:07:32","guid":{"rendered":"http:\/\/dobprojekti.splet.arnes.si\/?page_id=1519"},"modified":"2024-01-05T08:13:37","modified_gmt":"2024-01-05T07:13:37","slug":"ka1-2017-mednarodna-nadgradnja-kriticnega-misljenja","status":"publish","type":"page","link":"https:\/\/www.projekti.osdobje.si\/?page_id=1519","title":{"rendered":"KA1: 2017 &#8211; Mednarodna nadgradnja kriti\u010dnega mi\u0161ljenja"},"content":{"rendered":"<p>Projekt <strong>Mednarodna nadgradnja kriti\u010dnega mi\u0161ljenja nagovarja strokovne delavce na celotni vertikali osnovno\u0161olskega in pred\u0161olskega izobra\u017eevanja. Sodelovanje v projektu omogo\u010da <\/strong>strokovnim delavcem <strong>razvoj transverzalnih kompetenc<\/strong> ter izku\u0161nje <strong>vodenja strokovnega dialoga v tujem jeziku<\/strong> ob upo\u0161tevanju medkulturnih prvin. Tako v \u0161oli, kot tudi v vrtcu si \u017eelimo zagotoviti<strong> pozitivno in inovativno delovno okolje<\/strong> z zaposlenimi, ki znajo<strong> kriti\u010dno vrednotiti informacije<\/strong> in jih na tak na\u010din predstaviti tudi u\u010dencem ter otrokom.<\/p>\n<p><strong>Cilji projekta:<\/strong><\/p>\n<ul>\n<li>spodbujati uvajanje inovativnih pristopov k pou\u010devanju predvsem v povezavi z IKT in razvojem kompetenc;<\/li>\n<li>vzpostaviti u\u010dinkovito delo po vertikali za razvoj zgoraj omenjenega s poudarkom na kriti\u010dnem mi\u0161ljenju in sicer od vrtca dalje;<\/li>\n<li>izbolj\u0161ati jezikovne kompetence zaposlenih in u\u010dencev ter spodbujati k ve\u010djezi\u010dnosti in raznojezi\u010dnosti ter tako dose\u010di ve\u010djo osve\u0161\u010denost o pomenu u\u010denja tujih jezikov;<\/li>\n<li>dvigniti osve\u0161\u010denost zaposlenih o prilo\u017enostih za strokovni in osebnostni razvoj, ki so jim na voljo;<\/li>\n<li>z vzorom spodbuditi predvsem u\u010ditelje nejezikovnih predmetov, da se aktivneje vklju\u010dujejo v mednarodno okolje.<\/li>\n<\/ul>\n","protected":false},"excerpt":{"rendered":"<p>Projekt Mednarodna nadgradnja kriti\u010dnega mi\u0161ljenja nagovarja strokovne delavce na celotni vertikali osnovno\u0161olskega in pred\u0161olskega izobra\u017eevanja. Sodelovanje v projektu omogo\u010da strokovnim delavcem razvoj transverzalnih kompetenc ter izku\u0161nje vodenja strokovnega dialoga v tujem jeziku ob upo\u0161tevanju medkulturnih prvin. Tako v \u0161oli, kot &hellip; <a href=\"https:\/\/www.projekti.osdobje.si\/?page_id=1519\">Beri naprej <span class=\"meta-nav\">&rarr;<\/span><\/a><\/p>\n","protected":false},"author":89974,"featured_media":0,"parent":0,"menu_order":0,"comment_status":"closed","ping_status":"closed","template":"","meta":{"ngg_post_thumbnail":0,"footnotes":"","_expiration-date-status":"","_expiration-date":1704438798,"_expiration-date-type":"draft","_expiration-date-categories":[],"_expiration-date-options":[]},"class_list":["post-1519","page","type-page","status-publish","hentry"],"_links":{"self":[{"href":"https:\/\/www.projekti.osdobje.si\/index.php?rest_route=\/wp\/v2\/pages\/1519","targetHints":{"allow":["GET"]}}],"collection":[{"href":"https:\/\/www.projekti.osdobje.si\/index.php?rest_route=\/wp\/v2\/pages"}],"about":[{"href":"https:\/\/www.projekti.osdobje.si\/index.php?rest_route=\/wp\/v2\/types\/page"}],"author":[{"embeddable":true,"href":"https:\/\/www.projekti.osdobje.si\/index.php?rest_route=\/wp\/v2\/users\/89974"}],"replies":[{"embeddable":true,"href":"https:\/\/www.projekti.osdobje.si\/index.php?rest_route=%2Fwp%2Fv2%2Fcomments&post=1519"}],"version-history":[{"count":47,"href":"https:\/\/www.projekti.osdobje.si\/index.php?rest_route=\/wp\/v2\/pages\/1519\/revisions"}],"predecessor-version":[{"id":2656,"href":"https:\/\/www.projekti.osdobje.si\/index.php?rest_route=\/wp\/v2\/pages\/1519\/revisions\/2656"}],"wp:attachment":[{"href":"https:\/\/www.projekti.osdobje.si\/index.php?rest_route=%2Fwp%2Fv2%2Fmedia&parent=1519"}],"curies":[{"name":"wp","href":"https:\/\/api.w.org\/{rel}","templated":true}]}}