{"id":1429,"date":"2020-07-13T10:35:39","date_gmt":"2020-07-13T08:35:39","guid":{"rendered":"http:\/\/dobprojekti.splet.arnes.si\/?page_id=1429"},"modified":"2024-01-10T08:33:05","modified_gmt":"2024-01-10T07:33:05","slug":"ka1","status":"publish","type":"page","link":"https:\/\/www.projekti.osdobje.si\/?page_id=1429","title":{"rendered":"KA1"},"content":{"rendered":"\n<p>Klju\u010dni ukrep KA1 omogo\u010da sofinanciranje projektov, ki omogo\u010dajo udele\u017eencem izku\u0161njo v tujini, ki pozitivno vplivajo na njihov osebni in strokovni razvoj. Gre za pridobitev znanja, spretnosti in izku\u0161enj, ki prina\u0161ajo dodano vrednost njihovem izobra\u017eevanju.<\/p>\n\n\n\n<p>Mobilnosti pod klju\u010dnim ukrepom KA1 vklju\u010dujejo mobilnosti posameznikov in skupine. Gre za <strong>sen\u010denje strokovnih delavcev na delovnem mestu<\/strong> partnerske organizacije, <strong>udele\u017ebo na seminarju<\/strong>, <strong>pou\u010devanje<\/strong> na partnerski organizaciji in <strong>skupinsko mobilnost u\u010dencev<\/strong>.<\/p>\n","protected":false},"excerpt":{"rendered":"<p>Klju\u010dni ukrep KA1 omogo\u010da sofinanciranje projektov, ki omogo\u010dajo udele\u017eencem izku\u0161njo v tujini, ki pozitivno vplivajo na njihov osebni in strokovni razvoj. Gre za pridobitev znanja, spretnosti in izku\u0161enj, ki prina\u0161ajo dodano vrednost njihovem izobra\u017eevanju. Mobilnosti pod klju\u010dnim ukrepom KA1 vklju\u010dujejo &hellip; <a href=\"https:\/\/www.projekti.osdobje.si\/?page_id=1429\">Beri naprej <span class=\"meta-nav\">&rarr;<\/span><\/a><\/p>\n","protected":false},"author":89974,"featured_media":0,"parent":0,"menu_order":0,"comment_status":"closed","ping_status":"closed","template":"","meta":{"ngg_post_thumbnail":0,"footnotes":"","_expiration-date-status":"","_expiration-date":1704871971,"_expiration-date-type":"draft","_expiration-date-categories":[],"_expiration-date-options":[]},"class_list":["post-1429","page","type-page","status-publish","hentry"],"_links":{"self":[{"href":"https:\/\/www.projekti.osdobje.si\/index.php?rest_route=\/wp\/v2\/pages\/1429","targetHints":{"allow":["GET"]}}],"collection":[{"href":"https:\/\/www.projekti.osdobje.si\/index.php?rest_route=\/wp\/v2\/pages"}],"about":[{"href":"https:\/\/www.projekti.osdobje.si\/index.php?rest_route=\/wp\/v2\/types\/page"}],"author":[{"embeddable":true,"href":"https:\/\/www.projekti.osdobje.si\/index.php?rest_route=\/wp\/v2\/users\/89974"}],"replies":[{"embeddable":true,"href":"https:\/\/www.projekti.osdobje.si\/index.php?rest_route=%2Fwp%2Fv2%2Fcomments&post=1429"}],"version-history":[{"count":41,"href":"https:\/\/www.projekti.osdobje.si\/index.php?rest_route=\/wp\/v2\/pages\/1429\/revisions"}],"predecessor-version":[{"id":2695,"href":"https:\/\/www.projekti.osdobje.si\/index.php?rest_route=\/wp\/v2\/pages\/1429\/revisions\/2695"}],"wp:attachment":[{"href":"https:\/\/www.projekti.osdobje.si\/index.php?rest_route=%2Fwp%2Fv2%2Fmedia&parent=1429"}],"curies":[{"name":"wp","href":"https:\/\/api.w.org\/{rel}","templated":true}]}}